{"id":2451,"date":"2023-10-25T10:39:33","date_gmt":"2023-10-25T08:39:33","guid":{"rendered":"https:\/\/irisistible.mbphotographie.com\/?page_id=2451"},"modified":"2026-04-17T18:47:51","modified_gmt":"2026-04-17T16:47:51","slug":"day-after","status":"publish","type":"page","link":"https:\/\/mbphotographie.com\/index.php\/day-after\/","title":{"rendered":"DAY AFTER"},"content":{"rendered":"\t\t<div data-elementor-type=\"wp-page\" data-elementor-id=\"2451\" class=\"elementor elementor-2451\" data-elementor-post-type=\"page\">\n\t\t\t\t<div class=\"elementor-element elementor-element-fd8cef6 e-con-full e-flex e-con e-parent\" data-id=\"fd8cef6\" data-element_type=\"container\" data-e-type=\"container\" data-settings=\"{&quot;background_background&quot;:&quot;classic&quot;}\">\n\t\t\t\t<div class=\"elementor-element elementor-element-73cfdb5 elementor-widget elementor-widget-heading\" data-id=\"73cfdb5\" data-element_type=\"widget\" data-e-type=\"widget\" data-settings=\"{&quot;htmega_fe&quot;:&quot;no&quot;}\" data-widget_type=\"heading.default\">\n\t\t\t\t<div class=\"elementor-widget-container\">\n\t\t\t\t\t<h2 class=\"elementor-heading-title elementor-size-default\">DAY AFTER<\/h2>\t\t\t\t<\/div>\n\t\t\t\t<\/div>\n\t\t\t\t<div class=\"elementor-element elementor-element-0bca88a elementor-widget elementor-widget-text-editor\" data-id=\"0bca88a\" data-element_type=\"widget\" data-e-type=\"widget\" data-settings=\"{&quot;htmega_fe&quot;:&quot;no&quot;}\" data-widget_type=\"text-editor.default\">\n\t\t\t\t<div class=\"elementor-widget-container\">\n\t\t\t\t\t\t\t\t\t<p>Et si on remettait \u00e7a ?<\/p>\t\t\t\t\t\t\t\t<\/div>\n\t\t\t\t<\/div>\n\t\t\t\t<\/div>\n\t\t<div class=\"elementor-element elementor-element-2a0f917 e-flex e-con-boxed e-con e-parent\" data-id=\"2a0f917\" data-element_type=\"container\" data-e-type=\"container\" data-settings=\"{&quot;background_background&quot;:&quot;classic&quot;}\">\n\t\t\t\t\t<div class=\"e-con-inner\">\n\t\t<div class=\"elementor-element elementor-element-5aaf52b e-flex e-con-boxed e-con e-child\" data-id=\"5aaf52b\" data-element_type=\"container\" data-e-type=\"container\">\n\t\t\t\t\t<div class=\"e-con-inner\">\n\t\t\t\t<div class=\"elementor-element elementor-element-f450d9e elementor-widget elementor-widget-image\" data-id=\"f450d9e\" data-element_type=\"widget\" data-e-type=\"widget\" data-settings=\"{&quot;htmega_fe&quot;:&quot;no&quot;}\" data-widget_type=\"image.default\">\n\t\t\t\t<div class=\"elementor-widget-container\">\n\t\t\t\t\t\t\t\t\t\t\t\t\t\t\t<img fetchpriority=\"high\" decoding=\"async\" width=\"2560\" height=\"1708\" src=\"https:\/\/mbphotographie.com\/wp-content\/uploads\/2025\/01\/Day-After-001-2-scaled.jpg\" class=\"attachment-full size-full wp-image-4358\" alt=\"\" srcset=\"https:\/\/mbphotographie.com\/wp-content\/uploads\/2025\/01\/Day-After-001-2-scaled.jpg 2560w, https:\/\/mbphotographie.com\/wp-content\/uploads\/2025\/01\/Day-After-001-2-300x200.jpg 300w, https:\/\/mbphotographie.com\/wp-content\/uploads\/2025\/01\/Day-After-001-2-1799x1200.jpg 1799w, https:\/\/mbphotographie.com\/wp-content\/uploads\/2025\/01\/Day-After-001-2-768x512.jpg 768w, https:\/\/mbphotographie.com\/wp-content\/uploads\/2025\/01\/Day-After-001-2-1536x1025.jpg 1536w, https:\/\/mbphotographie.com\/wp-content\/uploads\/2025\/01\/Day-After-001-2-2048x1366.jpg 2048w\" sizes=\"(max-width: 2560px) 100vw, 2560px\" \/>\t\t\t\t\t\t\t\t\t\t\t\t\t\t\t<\/div>\n\t\t\t\t<\/div>\n\t\t\t\t\t<\/div>\n\t\t\t\t<\/div>\n\t\t\t\t<div class=\"elementor-element elementor-element-8d19321 elementor-widget elementor-widget-spacer\" data-id=\"8d19321\" data-element_type=\"widget\" data-e-type=\"widget\" data-settings=\"{&quot;htmega_fe&quot;:&quot;no&quot;}\" data-widget_type=\"spacer.default\">\n\t\t\t\t<div class=\"elementor-widget-container\">\n\t\t\t\t\t\t\t<div class=\"elementor-spacer\">\n\t\t\t<div class=\"elementor-spacer-inner\"><\/div>\n\t\t<\/div>\n\t\t\t\t\t\t<\/div>\n\t\t\t\t<\/div>\n\t\t\t\t<div class=\"elementor-element elementor-element-582c3d5 elementor-widget elementor-widget-spacer\" data-id=\"582c3d5\" data-element_type=\"widget\" data-e-type=\"widget\" data-settings=\"{&quot;htmega_fe&quot;:&quot;no&quot;}\" data-widget_type=\"spacer.default\">\n\t\t\t\t<div class=\"elementor-widget-container\">\n\t\t\t\t\t\t\t<div class=\"elementor-spacer\">\n\t\t\t<div class=\"elementor-spacer-inner\"><\/div>\n\t\t<\/div>\n\t\t\t\t\t\t<\/div>\n\t\t\t\t<\/div>\n\t\t\t\t<div class=\"elementor-element elementor-element-4a202d1 elementor-widget elementor-widget-heading\" data-id=\"4a202d1\" data-element_type=\"widget\" data-e-type=\"widget\" data-settings=\"{&quot;htmega_fe&quot;:&quot;no&quot;}\" data-widget_type=\"heading.default\">\n\t\t\t\t<div class=\"elementor-widget-container\">\n\t\t\t\t\t<h1 class=\"elementor-heading-title elementor-size-default\">Comme une s\u00e9ance couple, mais en mieux !<\/h1>\t\t\t\t<\/div>\n\t\t\t\t<\/div>\n\t\t\t\t<div class=\"elementor-element elementor-element-d356dc3 elementor-widget-mobile__width-initial elementor-widget elementor-widget-text-editor\" data-id=\"d356dc3\" data-element_type=\"widget\" data-e-type=\"widget\" data-settings=\"{&quot;htmega_fe&quot;:&quot;no&quot;}\" data-widget_type=\"text-editor.default\">\n\t\t\t\t<div class=\"elementor-widget-container\">\n\t\t\t\t\t\t\t\t\t<p class=\"brz-css-nyxwe\" data-generated-css=\"brz-css-ficin\" data-uniq-id=\"qyagv\"><span class=\"brz-cp-color7\">Termin\u00e9 le stress et le timing du mariage, avec la s\u00e9ance Day after, tout est permis ! (ou presque)<\/span><\/p><p class=\"brz-css-zmvsp\" data-generated-css=\"brz-css-ltqew\" data-uniq-id=\"fvdpz\"><span class=\"brz-cp-color7\">Vous r\u00eaviez de faire votre s\u00e9ance couple dans un endroit en ruine,\u00a0une usine\u00a0d\u00e9saffect\u00e9e, un parc d\u2019attraction\u202f?<\/span><\/p><p class=\"brz-css-bkjiz\" data-generated-css=\"brz-css-qgcle\" data-uniq-id=\"kqgxc\"><span class=\"brz-cp-color7\">Ou bien de vous jeter \u00e0 l\u2019eau dans un lac, une rivi\u00e8re, une jolis cascade, mais cela n\u2019\u00e9tait pas possible le jour J ?\u00a0<\/span><\/p><p class=\"brz-css-xaiou\" data-generated-css=\"brz-css-rirbo\" data-uniq-id=\"gqdpy\"><span class=\"brz-cp-color7\">Alors, rev\u00eatez votre robe, votre costume et rendons ce r\u00eave possible<\/span><\/p>\t\t\t\t\t\t\t\t<\/div>\n\t\t\t\t<\/div>\n\t\t\t\t<div class=\"elementor-element elementor-element-521846b elementor-widget elementor-widget-spacer\" data-id=\"521846b\" data-element_type=\"widget\" data-e-type=\"widget\" data-settings=\"{&quot;htmega_fe&quot;:&quot;no&quot;}\" data-widget_type=\"spacer.default\">\n\t\t\t\t<div class=\"elementor-widget-container\">\n\t\t\t\t\t\t\t<div class=\"elementor-spacer\">\n\t\t\t<div class=\"elementor-spacer-inner\"><\/div>\n\t\t<\/div>\n\t\t\t\t\t\t<\/div>\n\t\t\t\t<\/div>\n\t\t\t\t<div class=\"elementor-element elementor-element-01feaff elementor-widget elementor-widget-gallery\" data-id=\"01feaff\" data-element_type=\"widget\" data-e-type=\"widget\" data-settings=\"{&quot;gallery_layout&quot;:&quot;masonry&quot;,&quot;gap&quot;:{&quot;unit&quot;:&quot;px&quot;,&quot;size&quot;:25,&quot;sizes&quot;:[]},&quot;columns&quot;:2,&quot;lazyload&quot;:&quot;yes&quot;,&quot;columns_tablet&quot;:2,&quot;columns_mobile&quot;:1,&quot;gap_tablet&quot;:{&quot;unit&quot;:&quot;px&quot;,&quot;size&quot;:10,&quot;sizes&quot;:[]},&quot;gap_mobile&quot;:{&quot;unit&quot;:&quot;px&quot;,&quot;size&quot;:10,&quot;sizes&quot;:[]},&quot;link_to&quot;:&quot;file&quot;,&quot;overlay_background&quot;:&quot;yes&quot;,&quot;content_hover_animation&quot;:&quot;fade-in&quot;,&quot;htmega_fe&quot;:&quot;no&quot;}\" data-widget_type=\"gallery.default\">\n\t\t\t\t<div class=\"elementor-widget-container\">\n\t\t\t\t\t\t\t<div class=\"elementor-gallery__container\">\r\n\t\t\t\t\t\t\t<a class=\"e-gallery-item elementor-gallery-item elementor-animated-content\" href=\"https:\/\/mbphotographie.com\/wp-content\/uploads\/2023\/10\/Au-fort-St-Quentin-10.jpg\" data-elementor-open-lightbox=\"yes\" data-elementor-lightbox-slideshow=\"01feaff\" data-elementor-lightbox-title=\"Au fort St-Quentin-10\" data-e-action-hash=\"#elementor-action%3Aaction%3Dlightbox%26settings%3DeyJpZCI6MjQ1NSwidXJsIjoiaHR0cHM6XC9cL21icGhvdG9ncmFwaGllLmNvbVwvd3AtY29udGVudFwvdXBsb2Fkc1wvMjAyM1wvMTBcL0F1LWZvcnQtU3QtUXVlbnRpbi0xMC5qcGciLCJzbGlkZXNob3ciOiIwMWZlYWZmIn0%3D\">\r\n\t\t\t\t\t<div class=\"e-gallery-image elementor-gallery-item__image\" data-thumbnail=\"https:\/\/mbphotographie.com\/wp-content\/uploads\/2023\/10\/Au-fort-St-Quentin-10-683x1024.jpg\" data-width=\"683\" data-height=\"1024\" aria-label=\"\" role=\"img\" ><\/div>\r\n\t\t\t\t\t\t\t\t\t\t\t<div class=\"elementor-gallery-item__overlay\"><\/div>\r\n\t\t\t\t\t\t\t\t\t\t\t\t\t\t<\/a>\r\n\t\t\t\t\t\t\t<a class=\"e-gallery-item elementor-gallery-item elementor-animated-content\" href=\"https:\/\/mbphotographie.com\/wp-content\/uploads\/2024\/12\/Day-After-021comp-scaled.jpg\" data-elementor-open-lightbox=\"yes\" data-elementor-lightbox-slideshow=\"01feaff\" data-elementor-lightbox-title=\"Day After 021comp\" data-e-action-hash=\"#elementor-action%3Aaction%3Dlightbox%26settings%3DeyJpZCI6NDMyOSwidXJsIjoiaHR0cHM6XC9cL21icGhvdG9ncmFwaGllLmNvbVwvd3AtY29udGVudFwvdXBsb2Fkc1wvMjAyNFwvMTJcL0RheS1BZnRlci0wMjFjb21wLXNjYWxlZC5qcGciLCJzbGlkZXNob3ciOiIwMWZlYWZmIn0%3D\">\r\n\t\t\t\t\t<div class=\"e-gallery-image elementor-gallery-item__image\" data-thumbnail=\"https:\/\/mbphotographie.com\/wp-content\/uploads\/2024\/12\/Day-After-021comp-1799x1200.jpg\" data-width=\"1290\" data-height=\"860\" aria-label=\"\" role=\"img\" ><\/div>\r\n\t\t\t\t\t\t\t\t\t\t\t<div class=\"elementor-gallery-item__overlay\"><\/div>\r\n\t\t\t\t\t\t\t\t\t\t\t\t\t\t<\/a>\r\n\t\t\t\t\t\t\t<a class=\"e-gallery-item elementor-gallery-item elementor-animated-content\" href=\"https:\/\/mbphotographie.com\/wp-content\/uploads\/2024\/12\/Day-After-003comp-scaled.jpg\" data-elementor-open-lightbox=\"yes\" data-elementor-lightbox-slideshow=\"01feaff\" data-elementor-lightbox-title=\"Day After 003comp\" data-e-action-hash=\"#elementor-action%3Aaction%3Dlightbox%26settings%3DeyJpZCI6NDMzMSwidXJsIjoiaHR0cHM6XC9cL21icGhvdG9ncmFwaGllLmNvbVwvd3AtY29udGVudFwvdXBsb2Fkc1wvMjAyNFwvMTJcL0RheS1BZnRlci0wMDNjb21wLXNjYWxlZC5qcGciLCJzbGlkZXNob3ciOiIwMWZlYWZmIn0%3D\">\r\n\t\t\t\t\t<div class=\"e-gallery-image elementor-gallery-item__image\" data-thumbnail=\"https:\/\/mbphotographie.com\/wp-content\/uploads\/2024\/12\/Day-After-003comp-1799x1200.jpg\" data-width=\"1290\" data-height=\"860\" aria-label=\"\" role=\"img\" ><\/div>\r\n\t\t\t\t\t\t\t\t\t\t\t<div class=\"elementor-gallery-item__overlay\"><\/div>\r\n\t\t\t\t\t\t\t\t\t\t\t\t\t\t<\/a>\r\n\t\t\t\t\t\t\t<a class=\"e-gallery-item elementor-gallery-item elementor-animated-content\" href=\"https:\/\/mbphotographie.com\/wp-content\/uploads\/2023\/10\/Au-fort-St-Quentin-2.jpg\" data-elementor-open-lightbox=\"yes\" data-elementor-lightbox-slideshow=\"01feaff\" data-elementor-lightbox-title=\"Au fort St-Quentin-2\" data-e-action-hash=\"#elementor-action%3Aaction%3Dlightbox%26settings%3DeyJpZCI6MjQ1NywidXJsIjoiaHR0cHM6XC9cL21icGhvdG9ncmFwaGllLmNvbVwvd3AtY29udGVudFwvdXBsb2Fkc1wvMjAyM1wvMTBcL0F1LWZvcnQtU3QtUXVlbnRpbi0yLmpwZyIsInNsaWRlc2hvdyI6IjAxZmVhZmYifQ%3D%3D\">\r\n\t\t\t\t\t<div class=\"e-gallery-image elementor-gallery-item__image\" data-thumbnail=\"https:\/\/mbphotographie.com\/wp-content\/uploads\/2023\/10\/Au-fort-St-Quentin-2-1024x683.jpg\" data-width=\"1024\" data-height=\"683\" aria-label=\"\" role=\"img\" ><\/div>\r\n\t\t\t\t\t\t\t\t\t\t\t<div class=\"elementor-gallery-item__overlay\"><\/div>\r\n\t\t\t\t\t\t\t\t\t\t\t\t\t\t<\/a>\r\n\t\t\t\t\t\t\t<a class=\"e-gallery-item elementor-gallery-item elementor-animated-content\" href=\"https:\/\/mbphotographie.com\/wp-content\/uploads\/2023\/10\/Moto.jpg\" data-elementor-open-lightbox=\"yes\" data-elementor-lightbox-slideshow=\"01feaff\" data-elementor-lightbox-title=\"Moto\" data-e-action-hash=\"#elementor-action%3Aaction%3Dlightbox%26settings%3DeyJpZCI6MjQ1MywidXJsIjoiaHR0cHM6XC9cL21icGhvdG9ncmFwaGllLmNvbVwvd3AtY29udGVudFwvdXBsb2Fkc1wvMjAyM1wvMTBcL01vdG8uanBnIiwic2xpZGVzaG93IjoiMDFmZWFmZiJ9\">\r\n\t\t\t\t\t<div class=\"e-gallery-image elementor-gallery-item__image\" data-thumbnail=\"https:\/\/mbphotographie.com\/wp-content\/uploads\/2023\/10\/Moto-1024x683.jpg\" data-width=\"1024\" data-height=\"683\" aria-label=\"\" role=\"img\" ><\/div>\r\n\t\t\t\t\t\t\t\t\t\t\t<div class=\"elementor-gallery-item__overlay\"><\/div>\r\n\t\t\t\t\t\t\t\t\t\t\t\t\t\t<\/a>\r\n\t\t\t\t\t\t\t<a class=\"e-gallery-item elementor-gallery-item elementor-animated-content\" href=\"https:\/\/mbphotographie.com\/wp-content\/uploads\/2023\/10\/SEANCE-COUPLE-BENDOR-84.jpg\" data-elementor-open-lightbox=\"yes\" data-elementor-lightbox-slideshow=\"01feaff\" data-elementor-lightbox-title=\"SEANCE COUPLE BENDOR (84)\" data-e-action-hash=\"#elementor-action%3Aaction%3Dlightbox%26settings%3DeyJpZCI6MjQ2MCwidXJsIjoiaHR0cHM6XC9cL21icGhvdG9ncmFwaGllLmNvbVwvd3AtY29udGVudFwvdXBsb2Fkc1wvMjAyM1wvMTBcL1NFQU5DRS1DT1VQTEUtQkVORE9SLTg0LmpwZyIsInNsaWRlc2hvdyI6IjAxZmVhZmYifQ%3D%3D\">\r\n\t\t\t\t\t<div class=\"e-gallery-image elementor-gallery-item__image\" data-thumbnail=\"https:\/\/mbphotographie.com\/wp-content\/uploads\/2023\/10\/SEANCE-COUPLE-BENDOR-84-683x1024.jpg\" data-width=\"683\" data-height=\"1024\" aria-label=\"\" role=\"img\" ><\/div>\r\n\t\t\t\t\t\t\t\t\t\t\t<div class=\"elementor-gallery-item__overlay\"><\/div>\r\n\t\t\t\t\t\t\t\t\t\t\t\t\t\t<\/a>\r\n\t\t\t\t\t\t\t<a class=\"e-gallery-item elementor-gallery-item elementor-animated-content\" href=\"https:\/\/mbphotographie.com\/wp-content\/uploads\/2024\/12\/Cyrielle-Nicolas-020Comp-scaled.jpg\" data-elementor-open-lightbox=\"yes\" data-elementor-lightbox-slideshow=\"01feaff\" data-elementor-lightbox-title=\"Cyrielle &amp; Nicolas 020Comp\" data-e-action-hash=\"#elementor-action%3Aaction%3Dlightbox%26settings%3DeyJpZCI6NDMzOSwidXJsIjoiaHR0cHM6XC9cL21icGhvdG9ncmFwaGllLmNvbVwvd3AtY29udGVudFwvdXBsb2Fkc1wvMjAyNFwvMTJcL0N5cmllbGxlLU5pY29sYXMtMDIwQ29tcC1zY2FsZWQuanBnIiwic2xpZGVzaG93IjoiMDFmZWFmZiJ9\">\r\n\t\t\t\t\t<div class=\"e-gallery-image elementor-gallery-item__image\" data-thumbnail=\"https:\/\/mbphotographie.com\/wp-content\/uploads\/2024\/12\/Cyrielle-Nicolas-020Comp-800x1200.jpg\" data-width=\"800\" data-height=\"1200\" aria-label=\"\" role=\"img\" ><\/div>\r\n\t\t\t\t\t\t\t\t\t\t\t<div class=\"elementor-gallery-item__overlay\"><\/div>\r\n\t\t\t\t\t\t\t\t\t\t\t\t\t\t<\/a>\r\n\t\t\t\t\t\t\t<a class=\"e-gallery-item elementor-gallery-item elementor-animated-content\" href=\"https:\/\/mbphotographie.com\/wp-content\/uploads\/2023\/10\/I-CEREMONIE-LAIQUE-111.jpg\" data-elementor-open-lightbox=\"yes\" data-elementor-lightbox-slideshow=\"01feaff\" data-elementor-lightbox-title=\"I - CEREMONIE LAIQUE (111)\" data-e-action-hash=\"#elementor-action%3Aaction%3Dlightbox%26settings%3DeyJpZCI6MjQ1OSwidXJsIjoiaHR0cHM6XC9cL21icGhvdG9ncmFwaGllLmNvbVwvd3AtY29udGVudFwvdXBsb2Fkc1wvMjAyM1wvMTBcL0ktQ0VSRU1PTklFLUxBSVFVRS0xMTEuanBnIiwic2xpZGVzaG93IjoiMDFmZWFmZiJ9\">\r\n\t\t\t\t\t<div class=\"e-gallery-image elementor-gallery-item__image\" data-thumbnail=\"https:\/\/mbphotographie.com\/wp-content\/uploads\/2023\/10\/I-CEREMONIE-LAIQUE-111-1024x683.jpg\" data-width=\"1024\" data-height=\"683\" aria-label=\"\" role=\"img\" ><\/div>\r\n\t\t\t\t\t\t\t\t\t\t\t<div class=\"elementor-gallery-item__overlay\"><\/div>\r\n\t\t\t\t\t\t\t\t\t\t\t\t\t\t<\/a>\r\n\t\t\t\t\t\t\t<a class=\"e-gallery-item elementor-gallery-item elementor-animated-content\" href=\"https:\/\/mbphotographie.com\/wp-content\/uploads\/2023\/10\/Elodie-Yohan-1.jpg\" data-elementor-open-lightbox=\"yes\" data-elementor-lightbox-slideshow=\"01feaff\" data-elementor-lightbox-title=\"Elodie &amp; Yohan 1\" data-e-action-hash=\"#elementor-action%3Aaction%3Dlightbox%26settings%3DeyJpZCI6MjQ1MiwidXJsIjoiaHR0cHM6XC9cL21icGhvdG9ncmFwaGllLmNvbVwvd3AtY29udGVudFwvdXBsb2Fkc1wvMjAyM1wvMTBcL0Vsb2RpZS1Zb2hhbi0xLmpwZyIsInNsaWRlc2hvdyI6IjAxZmVhZmYifQ%3D%3D\">\r\n\t\t\t\t\t<div class=\"e-gallery-image elementor-gallery-item__image\" data-thumbnail=\"https:\/\/mbphotographie.com\/wp-content\/uploads\/2023\/10\/Elodie-Yohan-1-1024x683.jpg\" data-width=\"1024\" data-height=\"683\" aria-label=\"\" role=\"img\" ><\/div>\r\n\t\t\t\t\t\t\t\t\t\t\t<div class=\"elementor-gallery-item__overlay\"><\/div>\r\n\t\t\t\t\t\t\t\t\t\t\t\t\t\t<\/a>\r\n\t\t\t\t\t\t\t<a class=\"e-gallery-item elementor-gallery-item elementor-animated-content\" href=\"https:\/\/mbphotographie.com\/wp-content\/uploads\/2023\/10\/Couple-033-1.jpg\" data-elementor-open-lightbox=\"yes\" data-elementor-lightbox-slideshow=\"01feaff\" data-elementor-lightbox-title=\"Couple - 033\" data-e-action-hash=\"#elementor-action%3Aaction%3Dlightbox%26settings%3DeyJpZCI6MjQ2MiwidXJsIjoiaHR0cHM6XC9cL21icGhvdG9ncmFwaGllLmNvbVwvd3AtY29udGVudFwvdXBsb2Fkc1wvMjAyM1wvMTBcL0NvdXBsZS0wMzMtMS5qcGciLCJzbGlkZXNob3ciOiIwMWZlYWZmIn0%3D\">\r\n\t\t\t\t\t<div class=\"e-gallery-image elementor-gallery-item__image\" data-thumbnail=\"https:\/\/mbphotographie.com\/wp-content\/uploads\/2023\/10\/Couple-033-1-683x1024.jpg\" data-width=\"683\" data-height=\"1024\" aria-label=\"\" role=\"img\" ><\/div>\r\n\t\t\t\t\t\t\t\t\t\t\t<div class=\"elementor-gallery-item__overlay\"><\/div>\r\n\t\t\t\t\t\t\t\t\t\t\t\t\t\t<\/a>\r\n\t\t\t\t\t\t\t<a class=\"e-gallery-item elementor-gallery-item elementor-animated-content\" href=\"https:\/\/mbphotographie.com\/wp-content\/uploads\/2023\/10\/Elodie-Yohan-12b.jpg\" data-elementor-open-lightbox=\"yes\" data-elementor-lightbox-slideshow=\"01feaff\" data-elementor-lightbox-title=\"Elodie &amp; Yohan 12b\" data-e-action-hash=\"#elementor-action%3Aaction%3Dlightbox%26settings%3DeyJpZCI6MjQ2NCwidXJsIjoiaHR0cHM6XC9cL21icGhvdG9ncmFwaGllLmNvbVwvd3AtY29udGVudFwvdXBsb2Fkc1wvMjAyM1wvMTBcL0Vsb2RpZS1Zb2hhbi0xMmIuanBnIiwic2xpZGVzaG93IjoiMDFmZWFmZiJ9\">\r\n\t\t\t\t\t<div class=\"e-gallery-image elementor-gallery-item__image\" data-thumbnail=\"https:\/\/mbphotographie.com\/wp-content\/uploads\/2023\/10\/Elodie-Yohan-12b-1024x576.jpg\" data-width=\"1024\" data-height=\"576\" aria-label=\"\" role=\"img\" ><\/div>\r\n\t\t\t\t\t\t\t\t\t\t\t<div class=\"elementor-gallery-item__overlay\"><\/div>\r\n\t\t\t\t\t\t\t\t\t\t\t\t\t\t<\/a>\r\n\t\t\t\t\t\t\t<a class=\"e-gallery-item elementor-gallery-item elementor-animated-content\" href=\"https:\/\/mbphotographie.com\/wp-content\/uploads\/2023\/10\/J-BATEAU-18-1.jpg\" data-elementor-open-lightbox=\"yes\" data-elementor-lightbox-slideshow=\"01feaff\" data-elementor-lightbox-title=\"J - BATEAU (18)\" data-e-action-hash=\"#elementor-action%3Aaction%3Dlightbox%26settings%3DeyJpZCI6MjQ1OCwidXJsIjoiaHR0cHM6XC9cL21icGhvdG9ncmFwaGllLmNvbVwvd3AtY29udGVudFwvdXBsb2Fkc1wvMjAyM1wvMTBcL0otQkFURUFVLTE4LTEuanBnIiwic2xpZGVzaG93IjoiMDFmZWFmZiJ9\">\r\n\t\t\t\t\t<div class=\"e-gallery-image elementor-gallery-item__image\" data-thumbnail=\"https:\/\/mbphotographie.com\/wp-content\/uploads\/2023\/10\/J-BATEAU-18-1-1024x683.jpg\" data-width=\"1024\" data-height=\"683\" aria-label=\"\" role=\"img\" ><\/div>\r\n\t\t\t\t\t\t\t\t\t\t\t<div class=\"elementor-gallery-item__overlay\"><\/div>\r\n\t\t\t\t\t\t\t\t\t\t\t\t\t\t<\/a>\r\n\t\t\t\t\t\t\t<a class=\"e-gallery-item elementor-gallery-item elementor-animated-content\" href=\"https:\/\/mbphotographie.com\/wp-content\/uploads\/2023\/10\/SEANCE-COUPLE-BENDOR-111.jpg\" data-elementor-open-lightbox=\"yes\" data-elementor-lightbox-slideshow=\"01feaff\" data-elementor-lightbox-title=\"SEANCE COUPLE BENDOR (111)\" data-e-action-hash=\"#elementor-action%3Aaction%3Dlightbox%26settings%3DeyJpZCI6MjQ2MSwidXJsIjoiaHR0cHM6XC9cL21icGhvdG9ncmFwaGllLmNvbVwvd3AtY29udGVudFwvdXBsb2Fkc1wvMjAyM1wvMTBcL1NFQU5DRS1DT1VQTEUtQkVORE9SLTExMS5qcGciLCJzbGlkZXNob3ciOiIwMWZlYWZmIn0%3D\">\r\n\t\t\t\t\t<div class=\"e-gallery-image elementor-gallery-item__image\" data-thumbnail=\"https:\/\/mbphotographie.com\/wp-content\/uploads\/2023\/10\/SEANCE-COUPLE-BENDOR-111-683x1024.jpg\" data-width=\"683\" data-height=\"1024\" aria-label=\"\" role=\"img\" ><\/div>\r\n\t\t\t\t\t\t\t\t\t\t\t<div class=\"elementor-gallery-item__overlay\"><\/div>\r\n\t\t\t\t\t\t\t\t\t\t\t\t\t\t<\/a>\r\n\t\t\t\t\t\t\t<a class=\"e-gallery-item elementor-gallery-item elementor-animated-content\" href=\"https:\/\/mbphotographie.com\/wp-content\/uploads\/2023\/10\/Au-fort-St-Quentin-16.jpg\" data-elementor-open-lightbox=\"yes\" data-elementor-lightbox-slideshow=\"01feaff\" data-elementor-lightbox-title=\"Au fort St-Quentin-16\" data-e-action-hash=\"#elementor-action%3Aaction%3Dlightbox%26settings%3DeyJpZCI6MjQ1NiwidXJsIjoiaHR0cHM6XC9cL21icGhvdG9ncmFwaGllLmNvbVwvd3AtY29udGVudFwvdXBsb2Fkc1wvMjAyM1wvMTBcL0F1LWZvcnQtU3QtUXVlbnRpbi0xNi5qcGciLCJzbGlkZXNob3ciOiIwMWZlYWZmIn0%3D\">\r\n\t\t\t\t\t<div class=\"e-gallery-image elementor-gallery-item__image\" data-thumbnail=\"https:\/\/mbphotographie.com\/wp-content\/uploads\/2023\/10\/Au-fort-St-Quentin-16-683x1024.jpg\" data-width=\"683\" data-height=\"1024\" aria-label=\"\" role=\"img\" ><\/div>\r\n\t\t\t\t\t\t\t\t\t\t\t<div class=\"elementor-gallery-item__overlay\"><\/div>\r\n\t\t\t\t\t\t\t\t\t\t\t\t\t\t<\/a>\r\n\t\t\t\t\t\t\t<a class=\"e-gallery-item elementor-gallery-item elementor-animated-content\" href=\"https:\/\/mbphotographie.com\/wp-content\/uploads\/2024\/12\/Day-After-009-scaled.jpg\" data-elementor-open-lightbox=\"yes\" data-elementor-lightbox-slideshow=\"01feaff\" data-elementor-lightbox-title=\"Day After 009\" data-e-action-hash=\"#elementor-action%3Aaction%3Dlightbox%26settings%3DeyJpZCI6NDMzMiwidXJsIjoiaHR0cHM6XC9cL21icGhvdG9ncmFwaGllLmNvbVwvd3AtY29udGVudFwvdXBsb2Fkc1wvMjAyNFwvMTJcL0RheS1BZnRlci0wMDktc2NhbGVkLmpwZyIsInNsaWRlc2hvdyI6IjAxZmVhZmYifQ%3D%3D\">\r\n\t\t\t\t\t<div class=\"e-gallery-image elementor-gallery-item__image\" data-thumbnail=\"https:\/\/mbphotographie.com\/wp-content\/uploads\/2024\/12\/Day-After-009-800x1200.jpg\" data-width=\"800\" data-height=\"1200\" aria-label=\"\" role=\"img\" ><\/div>\r\n\t\t\t\t\t\t\t\t\t\t\t<div class=\"elementor-gallery-item__overlay\"><\/div>\r\n\t\t\t\t\t\t\t\t\t\t\t\t\t\t<\/a>\r\n\t\t\t\t\t\t\t<a class=\"e-gallery-item elementor-gallery-item elementor-animated-content\" href=\"https:\/\/mbphotographie.com\/wp-content\/uploads\/2023\/10\/SEANCE-COUPLE-BENDOR-75.jpg\" data-elementor-open-lightbox=\"yes\" data-elementor-lightbox-slideshow=\"01feaff\" data-elementor-lightbox-title=\"SEANCE COUPLE BENDOR (75)\" data-e-action-hash=\"#elementor-action%3Aaction%3Dlightbox%26settings%3DeyJpZCI6MjQ2MywidXJsIjoiaHR0cHM6XC9cL21icGhvdG9ncmFwaGllLmNvbVwvd3AtY29udGVudFwvdXBsb2Fkc1wvMjAyM1wvMTBcL1NFQU5DRS1DT1VQTEUtQkVORE9SLTc1LmpwZyIsInNsaWRlc2hvdyI6IjAxZmVhZmYifQ%3D%3D\">\r\n\t\t\t\t\t<div class=\"e-gallery-image elementor-gallery-item__image\" data-thumbnail=\"https:\/\/mbphotographie.com\/wp-content\/uploads\/2023\/10\/SEANCE-COUPLE-BENDOR-75-1024x683.jpg\" data-width=\"1024\" data-height=\"683\" aria-label=\"\" role=\"img\" ><\/div>\r\n\t\t\t\t\t\t\t\t\t\t\t<div class=\"elementor-gallery-item__overlay\"><\/div>\r\n\t\t\t\t\t\t\t\t\t\t\t\t\t\t<\/a>\r\n\t\t\t\t\t<\/div>\r\n\t\t\t\t\t<\/div>\n\t\t\t\t<\/div>\n\t\t\t\t<div class=\"elementor-element elementor-element-e513b4b elementor-widget elementor-widget-spacer\" data-id=\"e513b4b\" data-element_type=\"widget\" data-e-type=\"widget\" data-settings=\"{&quot;htmega_fe&quot;:&quot;no&quot;}\" data-widget_type=\"spacer.default\">\n\t\t\t\t<div class=\"elementor-widget-container\">\n\t\t\t\t\t\t\t<div class=\"elementor-spacer\">\n\t\t\t<div class=\"elementor-spacer-inner\"><\/div>\n\t\t<\/div>\n\t\t\t\t\t\t<\/div>\n\t\t\t\t<\/div>\n\t\t\t\t<div class=\"elementor-element elementor-element-e2ec114 elementor-align-center elementor-widget elementor-widget-button\" data-id=\"e2ec114\" data-element_type=\"widget\" data-e-type=\"widget\" data-settings=\"{&quot;htmega_fe&quot;:&quot;no&quot;}\" data-widget_type=\"button.default\">\n\t\t\t\t<div class=\"elementor-widget-container\">\n\t\t\t\t\t\t\t\t\t<div class=\"elementor-button-wrapper\">\n\t\t\t\t\t<a class=\"elementor-button elementor-button-link elementor-size-sm\" href=\"https:\/\/mbphotographie.com\/index.php\/contact\/\">\n\t\t\t\t\t\t<span class=\"elementor-button-content-wrapper\">\n\t\t\t\t\t\t\t\t\t<span class=\"elementor-button-text\">ME CONTACTER<\/span>\n\t\t\t\t\t<\/span>\n\t\t\t\t\t<\/a>\n\t\t\t\t<\/div>\n\t\t\t\t\t\t\t\t<\/div>\n\t\t\t\t<\/div>\n\t\t\t\t\t<\/div>\n\t\t\t\t<\/div>\n\t\t\t\t<\/div>\n\t\t","protected":false},"excerpt":{"rendered":"<p>DAY AFTER Et si on remettait \u00e7a ? Comme une s\u00e9ance couple, mais en mieux ! Termin\u00e9 le stress et le timing du mariage, avec la s\u00e9ance Day after, tout est permis ! (ou presque) Vous r\u00eaviez de faire votre s\u00e9ance couple dans un endroit en ruine,\u00a0une usine\u00a0d\u00e9saffect\u00e9e, un parc d\u2019attraction\u202f? Ou bien de vous [&hellip;]<\/p>\n","protected":false},"author":1,"featured_media":0,"parent":0,"menu_order":0,"comment_status":"closed","ping_status":"closed","template":"","meta":{"footnotes":""},"class_list":["post-2451","page","type-page","status-publish","hentry"],"blocksy_meta":[],"aioseo_notices":[],"_hostinger_reach_plugin_has_subscription_block":false,"_hostinger_reach_plugin_is_elementor":false,"_links":{"self":[{"href":"https:\/\/mbphotographie.com\/index.php\/wp-json\/wp\/v2\/pages\/2451","targetHints":{"allow":["GET"]}}],"collection":[{"href":"https:\/\/mbphotographie.com\/index.php\/wp-json\/wp\/v2\/pages"}],"about":[{"href":"https:\/\/mbphotographie.com\/index.php\/wp-json\/wp\/v2\/types\/page"}],"author":[{"embeddable":true,"href":"https:\/\/mbphotographie.com\/index.php\/wp-json\/wp\/v2\/users\/1"}],"replies":[{"embeddable":true,"href":"https:\/\/mbphotographie.com\/index.php\/wp-json\/wp\/v2\/comments?post=2451"}],"version-history":[{"count":43,"href":"https:\/\/mbphotographie.com\/index.php\/wp-json\/wp\/v2\/pages\/2451\/revisions"}],"predecessor-version":[{"id":6555,"href":"https:\/\/mbphotographie.com\/index.php\/wp-json\/wp\/v2\/pages\/2451\/revisions\/6555"}],"wp:attachment":[{"href":"https:\/\/mbphotographie.com\/index.php\/wp-json\/wp\/v2\/media?parent=2451"}],"curies":[{"name":"wp","href":"https:\/\/api.w.org\/{rel}","templated":true}]}}