{"id":3214,"date":"2023-10-31T00:36:34","date_gmt":"2023-10-30T23:36:34","guid":{"rendered":"https:\/\/irisistible.mbphotographie.com\/?page_id=3214"},"modified":"2025-11-10T09:31:49","modified_gmt":"2025-11-10T08:31:49","slug":"mentions-legales","status":"publish","type":"page","link":"https:\/\/mbphotographie.com\/index.php\/mentions-legales\/","title":{"rendered":"Mentions l\u00e9gales"},"content":{"rendered":"\t\t<div data-elementor-type=\"wp-page\" data-elementor-id=\"3214\" class=\"elementor elementor-3214\" data-elementor-post-type=\"page\">\n\t\t\t\t<div class=\"elementor-element elementor-element-bb3df73 e-flex e-con-boxed e-con e-parent\" data-id=\"bb3df73\" data-element_type=\"container\" data-e-type=\"container\">\n\t\t\t\t\t<div class=\"e-con-inner\">\n\t\t\t\t<div class=\"elementor-element elementor-element-c40a1c8 elementor-widget elementor-widget-spacer\" data-id=\"c40a1c8\" data-element_type=\"widget\" data-e-type=\"widget\" data-settings=\"{&quot;htmega_fe&quot;:&quot;no&quot;}\" data-widget_type=\"spacer.default\">\n\t\t\t\t<div class=\"elementor-widget-container\">\n\t\t\t\t\t\t\t<div class=\"elementor-spacer\">\n\t\t\t<div class=\"elementor-spacer-inner\"><\/div>\n\t\t<\/div>\n\t\t\t\t\t\t<\/div>\n\t\t\t\t<\/div>\n\t\t\t\t<div class=\"elementor-element elementor-element-1af3e43 elementor-widget elementor-widget-spacer\" data-id=\"1af3e43\" data-element_type=\"widget\" data-e-type=\"widget\" data-settings=\"{&quot;htmega_fe&quot;:&quot;no&quot;}\" data-widget_type=\"spacer.default\">\n\t\t\t\t<div class=\"elementor-widget-container\">\n\t\t\t\t\t\t\t<div class=\"elementor-spacer\">\n\t\t\t<div class=\"elementor-spacer-inner\"><\/div>\n\t\t<\/div>\n\t\t\t\t\t\t<\/div>\n\t\t\t\t<\/div>\n\t\t\t\t<div class=\"elementor-element elementor-element-48b5c51 elementor-widget elementor-widget-text-editor\" data-id=\"48b5c51\" data-element_type=\"widget\" data-e-type=\"widget\" data-settings=\"{&quot;htmega_fe&quot;:&quot;no&quot;}\" data-widget_type=\"text-editor.default\">\n\t\t\t\t<div class=\"elementor-widget-container\">\n\t\t\t\t\t\t\t\t\t<p><b>MENTIONS L\u00c9GALES<\/b><\/p>\n<p><b>1. Informations l\u00e9gales de l&rsquo;\u00e9diteur du site<\/b><\/p>\n<p><b>Nom de l&rsquo;entreprise :<\/b> MB Photographie (Entreprise Individuelle &#8211; E.I.)<\/p>\n<p><b>Repr\u00e9sentant l\u00e9gal :<\/b> Mario Battaglia<\/p>\n<p><b>Si\u00e8ge social :<\/b> 118 rue de Metz &#8211; 57650 Fontoy<\/p>\n<p><b>T\u00e9l\u00e9phone :<\/b> 06 60 14 27 79<\/p>\n<p><b>E-mail :<\/b> info@mbphotographie.com<\/p>\n<p><b>SIRET :<\/b> 837 711 563 00010<\/p>\n<p><b>TVA intracommunautaire :<\/b> FR16 837711563<\/p>\n<p><b>Immatriculation :<\/b> Inscrit au Registre des Entreprises de la Moselle sous le num\u00e9ro <b>837 711 563 RE 57<\/b>.<\/p>\n<p><b>2. H\u00e9bergeur du site<\/b><\/p>\n<p><b>Soci\u00e9t\u00e9 :<\/b> HOSTINGER<\/p>\n<p><b>Site web :<\/b> www.hostinger.fr<\/p>\n<p><b>Adresse :<\/b> 61 Lordou Vironos str. 6023 Larnaca, Chypre.<\/p>\n<p><b>3. Propri\u00e9t\u00e9 intellectuelle<\/b><\/p>\n<p>L&rsquo;int\u00e9gralit\u00e9 du site ainsi que les \u00e9l\u00e9ments se trouvant dessus (textes et photographies) sont prot\u00e9g\u00e9s au titre de la l\u00e9gislation internationale de la propri\u00e9t\u00e9 intellectuelle. Ils sont la propri\u00e9t\u00e9 exclusive de Mario Battaglia.<\/p>\n<p>Toute utilisation, reproduction ou repr\u00e9sentation, par quelque proc\u00e9d\u00e9 que ce soit, et sur quelque support que ce soit, de tout ou partie du site et\/ou des \u00e9l\u00e9ments n\u2019est pas autoris\u00e9e sans le consentement \u00e9crit de Mario Battaglia et pourra faire l\u2019objet de poursuites judiciaires (voir article L335-2 du code de la propri\u00e9t\u00e9 intellectuelle).<\/p>\n<p><b>4. Politique de confidentialit\u00e9<\/b><\/p>\n<p>Les informations relatives au traitement de vos donn\u00e9es personnelles et \u00e0 l&rsquo;utilisation des cookies sont disponibles sur la page d\u00e9di\u00e9e: <a href=\"https:\/\/mbphotographie.com\/index.php\/politique-de-confidentialite\/\"><b>Politique de confidentialit\u00e9<\/b><\/a><\/p>\t\t\t\t\t\t\t\t<\/div>\n\t\t\t\t<\/div>\n\t\t\t\t\t<\/div>\n\t\t\t\t<\/div>\n\t\t<div class=\"elementor-element elementor-element-daa2e12 e-flex e-con-boxed e-con e-parent\" data-id=\"daa2e12\" data-element_type=\"container\" data-e-type=\"container\">\n\t\t\t\t\t<div class=\"e-con-inner\">\n\t\t\t\t<div class=\"elementor-element elementor-element-4392abe elementor-widget elementor-widget-spacer\" data-id=\"4392abe\" data-element_type=\"widget\" data-e-type=\"widget\" data-settings=\"{&quot;htmega_fe&quot;:&quot;no&quot;}\" data-widget_type=\"spacer.default\">\n\t\t\t\t<div class=\"elementor-widget-container\">\n\t\t\t\t\t\t\t<div class=\"elementor-spacer\">\n\t\t\t<div class=\"elementor-spacer-inner\"><\/div>\n\t\t<\/div>\n\t\t\t\t\t\t<\/div>\n\t\t\t\t<\/div>\n\t\t\t\t\t<\/div>\n\t\t\t\t<\/div>\n\t\t\t\t<\/div>\n\t\t","protected":false},"excerpt":{"rendered":"<p>MENTIONS L\u00c9GALES 1. Informations l\u00e9gales de l&rsquo;\u00e9diteur du site Nom de l&rsquo;entreprise : MB Photographie (Entreprise Individuelle &#8211; E.I.) Repr\u00e9sentant l\u00e9gal : Mario Battaglia Si\u00e8ge social : 118 rue de Metz &#8211; 57650 Fontoy T\u00e9l\u00e9phone : 06 60 14 27 79 E-mail : info@mbphotographie.com SIRET : 837 711 563 00010 TVA intracommunautaire : FR16 837711563 [&hellip;]<\/p>\n","protected":false},"author":1,"featured_media":0,"parent":0,"menu_order":0,"comment_status":"closed","ping_status":"closed","template":"","meta":{"footnotes":""},"class_list":["post-3214","page","type-page","status-publish","hentry"],"blocksy_meta":[],"aioseo_notices":[],"_hostinger_reach_plugin_has_subscription_block":false,"_hostinger_reach_plugin_is_elementor":false,"_links":{"self":[{"href":"https:\/\/mbphotographie.com\/index.php\/wp-json\/wp\/v2\/pages\/3214","targetHints":{"allow":["GET"]}}],"collection":[{"href":"https:\/\/mbphotographie.com\/index.php\/wp-json\/wp\/v2\/pages"}],"about":[{"href":"https:\/\/mbphotographie.com\/index.php\/wp-json\/wp\/v2\/types\/page"}],"author":[{"embeddable":true,"href":"https:\/\/mbphotographie.com\/index.php\/wp-json\/wp\/v2\/users\/1"}],"replies":[{"embeddable":true,"href":"https:\/\/mbphotographie.com\/index.php\/wp-json\/wp\/v2\/comments?post=3214"}],"version-history":[{"count":16,"href":"https:\/\/mbphotographie.com\/index.php\/wp-json\/wp\/v2\/pages\/3214\/revisions"}],"predecessor-version":[{"id":5269,"href":"https:\/\/mbphotographie.com\/index.php\/wp-json\/wp\/v2\/pages\/3214\/revisions\/5269"}],"wp:attachment":[{"href":"https:\/\/mbphotographie.com\/index.php\/wp-json\/wp\/v2\/media?parent=3214"}],"curies":[{"name":"wp","href":"https:\/\/api.w.org\/{rel}","templated":true}]}}