{"id":3483,"date":"2023-11-02T14:31:52","date_gmt":"2023-11-02T13:31:52","guid":{"rendered":"https:\/\/irisistible.mbphotographie.com\/?page_id=3483"},"modified":"2025-05-07T19:01:31","modified_gmt":"2025-05-07T17:01:31","slug":"formules-duo","status":"publish","type":"page","link":"https:\/\/mbphotographie.com\/index.php\/formules-duo\/","title":{"rendered":"FORMULES DUO"},"content":{"rendered":"\t\t<div data-elementor-type=\"wp-page\" data-elementor-id=\"3483\" class=\"elementor elementor-3483\" data-elementor-post-type=\"page\">\n\t\t\t\t<div class=\"elementor-element elementor-element-9f9d447 e-flex e-con-boxed e-con e-parent\" data-id=\"9f9d447\" data-element_type=\"container\" data-e-type=\"container\" data-settings=\"{&quot;background_background&quot;:&quot;classic&quot;}\">\n\t\t\t\t\t<div class=\"e-con-inner\">\n\t\t\t\t<div class=\"elementor-element elementor-element-bab76d5 elementor-widget elementor-widget-text-editor\" data-id=\"bab76d5\" data-element_type=\"widget\" data-e-type=\"widget\" data-settings=\"{&quot;htmega_fe&quot;:&quot;no&quot;}\" data-widget_type=\"text-editor.default\">\n\t\t\t\t<div class=\"elementor-widget-container\">\n\t\t\t\t\t\t\t\t\t<p>Parce qu&rsquo;\u00e0 deux, c&rsquo;est mieux !<\/p>\t\t\t\t\t\t\t\t<\/div>\n\t\t\t\t<\/div>\n\t\t\t\t<div class=\"elementor-element elementor-element-933c533 elementor-widget elementor-widget-heading\" data-id=\"933c533\" data-element_type=\"widget\" data-e-type=\"widget\" data-settings=\"{&quot;htmega_fe&quot;:&quot;no&quot;}\" data-widget_type=\"heading.default\">\n\t\t\t\t<div class=\"elementor-widget-container\">\n\t\t\t\t\t<h2 class=\"elementor-heading-title elementor-size-default\">LES FORMULES \"DUO\"<\/h2>\t\t\t\t<\/div>\n\t\t\t\t<\/div>\n\t\t\t\t\t<\/div>\n\t\t\t\t<\/div>\n\t\t<div class=\"elementor-element elementor-element-0928b2e e-flex e-con-boxed e-con e-parent\" data-id=\"0928b2e\" data-element_type=\"container\" data-e-type=\"container\">\n\t\t\t\t\t<div class=\"e-con-inner\">\n\t\t<div class=\"elementor-element elementor-element-45d624d e-con-full e-flex e-con e-child\" data-id=\"45d624d\" data-element_type=\"container\" data-e-type=\"container\" data-settings=\"{&quot;background_background&quot;:&quot;classic&quot;}\">\n\t\t<div class=\"elementor-element elementor-element-42d51de e-grid e-con-boxed e-con e-child\" data-id=\"42d51de\" data-element_type=\"container\" data-e-type=\"container\">\n\t\t\t\t\t<div class=\"e-con-inner\">\n\t\t\t\t<div class=\"elementor-element elementor-element-bf8dd01 elementor-view-default elementor-widget elementor-widget-icon\" data-id=\"bf8dd01\" data-element_type=\"widget\" data-e-type=\"widget\" data-settings=\"{&quot;htmega_fe&quot;:&quot;no&quot;}\" data-widget_type=\"icon.default\">\n\t\t\t\t<div class=\"elementor-widget-container\">\n\t\t\t\t\t\t\t<div class=\"elementor-icon-wrapper\">\n\t\t\t<div class=\"elementor-icon\">\n\t\t\t<svg aria-hidden=\"true\" class=\"e-font-icon-svg e-fas-video\" viewBox=\"0 0 576 512\" xmlns=\"http:\/\/www.w3.org\/2000\/svg\"><path d=\"M336.2 64H47.8C21.4 64 0 85.4 0 111.8v288.4C0 426.6 21.4 448 47.8 448h288.4c26.4 0 47.8-21.4 47.8-47.8V111.8c0-26.4-21.4-47.8-47.8-47.8zm189.4 37.7L416 177.3v157.4l109.6 75.5c21.2 14.6 50.4-.3 50.4-25.8V127.5c0-25.4-29.1-40.4-50.4-25.8z\"><\/path><\/svg>\t\t\t<\/div>\n\t\t<\/div>\n\t\t\t\t\t\t<\/div>\n\t\t\t\t<\/div>\n\t\t\t\t<div class=\"elementor-element elementor-element-84a8f53 elementor-view-default elementor-widget elementor-widget-icon\" data-id=\"84a8f53\" data-element_type=\"widget\" data-e-type=\"widget\" data-settings=\"{&quot;htmega_fe&quot;:&quot;no&quot;}\" data-widget_type=\"icon.default\">\n\t\t\t\t<div class=\"elementor-widget-container\">\n\t\t\t\t\t\t\t<div class=\"elementor-icon-wrapper\">\n\t\t\t<div class=\"elementor-icon\">\n\t\t\t<svg aria-hidden=\"true\" class=\"e-font-icon-svg e-fas-camera\" viewBox=\"0 0 512 512\" xmlns=\"http:\/\/www.w3.org\/2000\/svg\"><path d=\"M512 144v288c0 26.5-21.5 48-48 48H48c-26.5 0-48-21.5-48-48V144c0-26.5 21.5-48 48-48h88l12.3-32.9c7-18.7 24.9-31.1 44.9-31.1h125.5c20 0 37.9 12.4 44.9 31.1L376 96h88c26.5 0 48 21.5 48 48zM376 288c0-66.2-53.8-120-120-120s-120 53.8-120 120 53.8 120 120 120 120-53.8 120-120zm-32 0c0 48.5-39.5 88-88 88s-88-39.5-88-88 39.5-88 88-88 88 39.5 88 88z\"><\/path><\/svg>\t\t\t<\/div>\n\t\t<\/div>\n\t\t\t\t\t\t<\/div>\n\t\t\t\t<\/div>\n\t\t\t\t\t<\/div>\n\t\t\t\t<\/div>\n\t\t\t\t<div class=\"elementor-element elementor-element-5d88f9b elementor-widget elementor-widget-text-editor\" data-id=\"5d88f9b\" data-element_type=\"widget\" data-e-type=\"widget\" data-settings=\"{&quot;htmega_fe&quot;:&quot;no&quot;}\" data-widget_type=\"text-editor.default\">\n\t\t\t\t<div class=\"elementor-widget-container\">\n\t\t\t\t\t\t\t\t\t<p><b>Votre mariage en vid\u00e9o et en photos<\/b><\/p>\t\t\t\t\t\t\t\t<\/div>\n\t\t\t\t<\/div>\n\t\t\t\t<div class=\"elementor-element elementor-element-210e35d elementor-widget elementor-widget-spacer\" data-id=\"210e35d\" data-element_type=\"widget\" data-e-type=\"widget\" data-settings=\"{&quot;htmega_fe&quot;:&quot;no&quot;}\" data-widget_type=\"spacer.default\">\n\t\t\t\t<div class=\"elementor-widget-container\">\n\t\t\t\t\t\t\t<div class=\"elementor-spacer\">\n\t\t\t<div class=\"elementor-spacer-inner\"><\/div>\n\t\t<\/div>\n\t\t\t\t\t\t<\/div>\n\t\t\t\t<\/div>\n\t\t\t\t<div class=\"elementor-element elementor-element-96433b6 elementor-widget elementor-widget-text-editor\" data-id=\"96433b6\" data-element_type=\"widget\" data-e-type=\"widget\" data-settings=\"{&quot;htmega_fe&quot;:&quot;no&quot;}\" data-widget_type=\"text-editor.default\">\n\t\t\t\t<div class=\"elementor-widget-container\">\n\t\t\t\t\t\t\t\t\t<p>Dans le monde du mariage, chaque instant est une pi\u00e8ce\u00a0 d&rsquo;un puzzle qui compose une histoire d&rsquo;amour.<\/p><p>C&rsquo;est pourquoi nous avons cr\u00e9\u00e9 notre Formule \u00ab\u00a0DUO\u00a0\u00bb, o\u00f9 la magie de la photographie et de la vid\u00e9o se rencontrent pour immortaliser votre journ\u00e9e de mariage.<\/p><p>Dans ce duo, je me charge des prises de vues et du montage vid\u00e9o, tandis que Marie, mon \u00e9pouse se concentre sur la photographie et la retouche.<\/p><p>Notre force r\u00e9side dans notre compl\u00e9mentarit\u00e9, nos perspectives parfois divergentes, et notre sensibilit\u00e9 unique.<br \/>C&rsquo;est cette richesse qui se traduit par des souvenirs authentiques et charg\u00e9s d&rsquo;\u00e9motion, car il y a deux histoires \u00e0 raconter : celle que je capture en vid\u00e9o et celle que Marie fige en photos.<\/p><p><br \/>Form\u00e9e \u00e0 mes c\u00f4t\u00e9s, Marie est non seulement famili\u00e8re avec ma m\u00e9thode de travail, mais elle apporte aussi sa propre touche artistique. Ses photos captent l&rsquo;instant pr\u00e9sent, offrant une coh\u00e9rence visuelle qui se marie harmonieusement avec la narration de la vid\u00e9o. Vous trouverez dans chaque clich\u00e9 une histoire en soi, un fragment de votre journ\u00e9e de mariage.<\/p><p>Photos et vid\u00e9os sont deux langages distincts, mais ils partagent la m\u00eame mission : raconter l&rsquo;histoire de votre mariage. Tandis que la photographie fige des moments en une seule image, la vid\u00e9o anime chaque instant.<\/p><p>Nous sommes pr\u00eats \u00e0 raconter votre histoire.<\/p>\t\t\t\t\t\t\t\t<\/div>\n\t\t\t\t<\/div>\n\t\t\t\t<\/div>\n\t\t<div class=\"elementor-element elementor-element-5b7a662 e-con-full e-flex e-con e-child\" data-id=\"5b7a662\" data-element_type=\"container\" data-e-type=\"container\" data-settings=\"{&quot;background_background&quot;:&quot;classic&quot;}\">\n\t\t<div class=\"elementor-element elementor-element-0eb7ba9 e-grid e-con-full e-con e-child\" data-id=\"0eb7ba9\" data-element_type=\"container\" data-e-type=\"container\">\n\t\t\t\t<div class=\"elementor-element elementor-element-4c9b9d0 elementor-view-default elementor-widget elementor-widget-icon\" data-id=\"4c9b9d0\" data-element_type=\"widget\" data-e-type=\"widget\" data-settings=\"{&quot;htmega_fe&quot;:&quot;no&quot;}\" data-widget_type=\"icon.default\">\n\t\t\t\t<div class=\"elementor-widget-container\">\n\t\t\t\t\t\t\t<div class=\"elementor-icon-wrapper\">\n\t\t\t<div class=\"elementor-icon\">\n\t\t\t<svg aria-hidden=\"true\" class=\"e-font-icon-svg e-fas-camera-retro\" viewBox=\"0 0 512 512\" xmlns=\"http:\/\/www.w3.org\/2000\/svg\"><path d=\"M48 32C21.5 32 0 53.5 0 80v352c0 26.5 21.5 48 48 48h416c26.5 0 48-21.5 48-48V80c0-26.5-21.5-48-48-48H48zm0 32h106c3.3 0 6 2.7 6 6v20c0 3.3-2.7 6-6 6H38c-3.3 0-6-2.7-6-6V80c0-8.8 7.2-16 16-16zm426 96H38c-3.3 0-6-2.7-6-6v-36c0-3.3 2.7-6 6-6h138l30.2-45.3c1.1-1.7 3-2.7 5-2.7H464c8.8 0 16 7.2 16 16v74c0 3.3-2.7 6-6 6zM256 424c-66.2 0-120-53.8-120-120s53.8-120 120-120 120 53.8 120 120-53.8 120-120 120zm0-208c-48.5 0-88 39.5-88 88s39.5 88 88 88 88-39.5 88-88-39.5-88-88-88zm-48 104c-8.8 0-16-7.2-16-16 0-35.3 28.7-64 64-64 8.8 0 16 7.2 16 16s-7.2 16-16 16c-17.6 0-32 14.4-32 32 0 8.8-7.2 16-16 16z\"><\/path><\/svg>\t\t\t<\/div>\n\t\t<\/div>\n\t\t\t\t\t\t<\/div>\n\t\t\t\t<\/div>\n\t\t\t\t<div class=\"elementor-element elementor-element-c34afee elementor-view-default elementor-widget elementor-widget-icon\" data-id=\"c34afee\" data-element_type=\"widget\" data-e-type=\"widget\" data-settings=\"{&quot;htmega_fe&quot;:&quot;no&quot;}\" data-widget_type=\"icon.default\">\n\t\t\t\t<div class=\"elementor-widget-container\">\n\t\t\t\t\t\t\t<div class=\"elementor-icon-wrapper\">\n\t\t\t<div class=\"elementor-icon\">\n\t\t\t<svg aria-hidden=\"true\" class=\"e-font-icon-svg e-fas-camera\" viewBox=\"0 0 512 512\" xmlns=\"http:\/\/www.w3.org\/2000\/svg\"><path d=\"M512 144v288c0 26.5-21.5 48-48 48H48c-26.5 0-48-21.5-48-48V144c0-26.5 21.5-48 48-48h88l12.3-32.9c7-18.7 24.9-31.1 44.9-31.1h125.5c20 0 37.9 12.4 44.9 31.1L376 96h88c26.5 0 48 21.5 48 48zM376 288c0-66.2-53.8-120-120-120s-120 53.8-120 120 53.8 120 120 120 120-53.8 120-120zm-32 0c0 48.5-39.5 88-88 88s-88-39.5-88-88 39.5-88 88-88 88 39.5 88 88z\"><\/path><\/svg>\t\t\t<\/div>\n\t\t<\/div>\n\t\t\t\t\t\t<\/div>\n\t\t\t\t<\/div>\n\t\t\t\t<\/div>\n\t\t\t\t<div class=\"elementor-element elementor-element-549d2bb elementor-widget elementor-widget-spacer\" data-id=\"549d2bb\" data-element_type=\"widget\" data-e-type=\"widget\" data-settings=\"{&quot;htmega_fe&quot;:&quot;no&quot;}\" data-widget_type=\"spacer.default\">\n\t\t\t\t<div class=\"elementor-widget-container\">\n\t\t\t\t\t\t\t<div class=\"elementor-spacer\">\n\t\t\t<div class=\"elementor-spacer-inner\"><\/div>\n\t\t<\/div>\n\t\t\t\t\t\t<\/div>\n\t\t\t\t<\/div>\n\t\t\t\t<div class=\"elementor-element elementor-element-ce9dcff elementor-widget elementor-widget-text-editor\" data-id=\"ce9dcff\" data-element_type=\"widget\" data-e-type=\"widget\" data-settings=\"{&quot;htmega_fe&quot;:&quot;no&quot;}\" data-widget_type=\"text-editor.default\">\n\t\t\t\t<div class=\"elementor-widget-container\">\n\t\t\t\t\t\t\t\t\t<p><b>Deux photographes pour une formule \u00ab\u00a0Duo Photos\u00a0\u00bb<\/b><\/p>\t\t\t\t\t\t\t\t<\/div>\n\t\t\t\t<\/div>\n\t\t\t\t<div class=\"elementor-element elementor-element-990bd99 elementor-widget elementor-widget-text-editor\" data-id=\"990bd99\" data-element_type=\"widget\" data-e-type=\"widget\" data-settings=\"{&quot;htmega_fe&quot;:&quot;no&quot;}\" data-widget_type=\"text-editor.default\">\n\t\t\t\t<div class=\"elementor-widget-container\">\n\t\t\t\t\t\t\t\t\t<p>Votre journ\u00e9e de mariage est un moment unique, et je sais \u00e0 quel point il est important d&rsquo;en capturer chaque instant. C&rsquo;est pourquoi, mon \u00e9pouse Marie et moi, sommes ravis de vous pr\u00e9senter notre formule \u00ab\u00a0<b>Duo photos<\/b>\u00ab\u00a0.<\/p><p><strong>Une couverture Compl\u00e8te<\/strong> : Avec notre duo de photographes, vous \u00eates assur\u00e9 d&rsquo;obtenir une couverture int\u00e9grale de votre mariage. Nous travaillons en tandem pour capturer chaque moment, des pr\u00e9paratifs \u00e0 la soir\u00e9e dansante, selon votre choix.<\/p><p><strong>Des possibilit\u00e9s vari\u00e9es<\/strong> : Form\u00e9e \u00e0 mes cot\u00e9s, Marie apporte sa propre vision artistique \u00e0 notre bin\u00f4me, ce qui signifie que vous obtiendrez une plus grande vari\u00e9t\u00e9 de perspectives tout en conservant un style photographique coh\u00e9rent. Nos images raconteront votre histoire sous des angles diff\u00e9rents et vous offriront l&rsquo;avantage de vous proposer des cadrages larges et serr\u00e9s simultan\u00e9ment.\u00a0<\/p><p><strong>Une plus grande quantit\u00e9 de photos<\/strong> : Deux photographes signifient plus de photos de votre jour. Notre collaboration vous offre une plus grande vari\u00e9t\u00e9 d&rsquo;images \u00e0 choisir pour votre album de mariage, afin que vous puissiez revivre chaque moment pr\u00e9cieux.<\/p><p><strong>Des r\u00e9actions et des \u00e9motions<\/strong> : Tandis que je me concentre sur les moments cl\u00e9s, Marie est l\u00e0 pour capturer les r\u00e9actions \u00e9motionnelles de vos invit\u00e9s, et les d\u00e9tails qui rendent votre journ\u00e9e encore plus sp\u00e9ciale. Son \u0153il attentif saisira chaque sourire, chaque larme de joie.<\/p><p><strong>Moins de Stress Technique<\/strong> : Gr\u00e2ce \u00e0 notre compl\u00e9mentarit\u00e9, nous nous assurons que tout se d\u00e9roule en douceur. En effet, malgr\u00e9 toutes les pr\u00e9cautions prises, nul n&rsquo;est \u00e0 l&rsquo;abri d&rsquo;un probl\u00e8me technique. Si cela venait \u00e0 se produire il y aura toujours un de nous deux pour assurer les prises de vues.<\/p><p>En optant pour notre formule \u00ab\u00a0Duo Photos\u00a0\u00bb, vous faites le choix de la s\u00e9r\u00e9nit\u00e9, du confort, de plus de possibilit\u00e9s cr\u00e9atives ainsi que deux regards sur votre journ\u00e9e de mariage.<\/p><p>Contactez moi aujourd&rsquo;hui pour en savoir plus sur notre Formule \u00ab\u00a0Duo Photos\u00a0\u00bb de mariage et r\u00e9servez votre date d\u00e8s maintenant !<\/p>\t\t\t\t\t\t\t\t<\/div>\n\t\t\t\t<\/div>\n\t\t\t\t<div class=\"elementor-element elementor-element-68aa1e0 elementor-widget elementor-widget-spacer\" data-id=\"68aa1e0\" data-element_type=\"widget\" data-e-type=\"widget\" data-settings=\"{&quot;htmega_fe&quot;:&quot;no&quot;}\" data-widget_type=\"spacer.default\">\n\t\t\t\t<div class=\"elementor-widget-container\">\n\t\t\t\t\t\t\t<div class=\"elementor-spacer\">\n\t\t\t<div class=\"elementor-spacer-inner\"><\/div>\n\t\t<\/div>\n\t\t\t\t\t\t<\/div>\n\t\t\t\t<\/div>\n\t\t\t\t<\/div>\n\t\t\t\t\t<\/div>\n\t\t\t\t<\/div>\n\t\t<div class=\"elementor-element elementor-element-8e651e2 e-flex e-con-boxed e-con e-parent\" data-id=\"8e651e2\" data-element_type=\"container\" data-e-type=\"container\">\n\t\t\t\t\t<div class=\"e-con-inner\">\n\t\t\t\t<div class=\"elementor-element elementor-element-fc6275a htmega-title-align-center elementor-widget elementor-widget-section-title-addons\" data-id=\"fc6275a\" data-element_type=\"widget\" data-e-type=\"widget\" data-settings=\"{&quot;htmega_fe&quot;:&quot;no&quot;}\" data-widget_type=\"section-title-addons.default\">\n\t\t\t\t<div class=\"elementor-widget-container\">\n\t\t\t\t\t            <div class=\"htmega-fc6275a htmega-section-title htmega-subtitle-position- title-style-one  image-\">\n                <h2 class=\"section-title-txt\">Add Your Heading Text Here<\/h2>            <\/div>\n\n            \n        \t\t\t\t<\/div>\n\t\t\t\t<\/div>\n\t\t\t\t\t<\/div>\n\t\t\t\t<\/div>\n\t\t\t\t<\/div>\n\t\t","protected":false},"excerpt":{"rendered":"<p>Parce qu&rsquo;\u00e0 deux, c&rsquo;est mieux ! LES FORMULES \u00ab\u00a0DUO\u00a0\u00bb Votre mariage en vid\u00e9o et en photos Dans le monde du mariage, chaque instant est une pi\u00e8ce\u00a0 d&rsquo;un puzzle qui compose une histoire d&rsquo;amour. C&rsquo;est pourquoi nous avons cr\u00e9\u00e9 notre Formule \u00ab\u00a0DUO\u00a0\u00bb, o\u00f9 la magie de la photographie et de la vid\u00e9o se rencontrent pour immortaliser [&hellip;]<\/p>\n","protected":false},"author":1,"featured_media":0,"parent":0,"menu_order":0,"comment_status":"closed","ping_status":"closed","template":"","meta":{"footnotes":""},"class_list":["post-3483","page","type-page","status-publish","hentry"],"blocksy_meta":[],"aioseo_notices":[],"_hostinger_reach_plugin_has_subscription_block":false,"_hostinger_reach_plugin_is_elementor":false,"_links":{"self":[{"href":"https:\/\/mbphotographie.com\/index.php\/wp-json\/wp\/v2\/pages\/3483","targetHints":{"allow":["GET"]}}],"collection":[{"href":"https:\/\/mbphotographie.com\/index.php\/wp-json\/wp\/v2\/pages"}],"about":[{"href":"https:\/\/mbphotographie.com\/index.php\/wp-json\/wp\/v2\/types\/page"}],"author":[{"embeddable":true,"href":"https:\/\/mbphotographie.com\/index.php\/wp-json\/wp\/v2\/users\/1"}],"replies":[{"embeddable":true,"href":"https:\/\/mbphotographie.com\/index.php\/wp-json\/wp\/v2\/comments?post=3483"}],"version-history":[{"count":24,"href":"https:\/\/mbphotographie.com\/index.php\/wp-json\/wp\/v2\/pages\/3483\/revisions"}],"predecessor-version":[{"id":4655,"href":"https:\/\/mbphotographie.com\/index.php\/wp-json\/wp\/v2\/pages\/3483\/revisions\/4655"}],"wp:attachment":[{"href":"https:\/\/mbphotographie.com\/index.php\/wp-json\/wp\/v2\/media?parent=3483"}],"curies":[{"name":"wp","href":"https:\/\/api.w.org\/{rel}","templated":true}]}}