{"id":5462,"date":"2026-04-09T13:55:36","date_gmt":"2026-04-09T11:55:36","guid":{"rendered":"https:\/\/mbphotographie.com\/?page_id=5462"},"modified":"2026-04-11T14:56:29","modified_gmt":"2026-04-11T12:56:29","slug":"photographie_d_iris","status":"publish","type":"page","link":"https:\/\/mbphotographie.com\/index.php\/photographie_d_iris\/","title":{"rendered":"PHOTOGRAPHIE D&rsquo;IRIS"},"content":{"rendered":"\t\t<div data-elementor-type=\"wp-page\" data-elementor-id=\"5462\" class=\"elementor elementor-5462\" data-elementor-post-type=\"page\">\n\t\t\t\t<div class=\"elementor-element elementor-element-154261a e-flex e-con-boxed e-con e-parent\" data-id=\"154261a\" data-element_type=\"container\" data-settings=\"{&quot;background_background&quot;:&quot;classic&quot;}\">\n\t\t\t\t\t<div class=\"e-con-inner\">\n\t\t\t\t\t<\/div>\n\t\t\t\t<\/div>\n\t\t<div class=\"elementor-element elementor-element-d5b2371 e-flex e-con-boxed e-con e-parent\" data-id=\"d5b2371\" data-element_type=\"container\">\n\t\t\t\t\t<div class=\"e-con-inner\">\n\t\t\t\t<div class=\"elementor-element elementor-element-f2038ce elementor-widget elementor-widget-heading\" data-id=\"f2038ce\" data-element_type=\"widget\" data-settings=\"{&quot;htmega_fe&quot;:&quot;no&quot;}\" data-widget_type=\"heading.default\">\n\t\t\t\t<div class=\"elementor-widget-container\">\n\t\t\t\t\t<h1 class=\"elementor-heading-title elementor-size-default\">Photographie d'iris<\/h1>\t\t\t\t<\/div>\n\t\t\t\t<\/div>\n\t\t\t\t<div class=\"elementor-element elementor-element-f12d802 elementor-widget-divider--view-line elementor-widget elementor-widget-divider\" data-id=\"f12d802\" data-element_type=\"widget\" data-settings=\"{&quot;htmega_fe&quot;:&quot;no&quot;}\" data-widget_type=\"divider.default\">\n\t\t\t\t<div class=\"elementor-widget-container\">\n\t\t\t\t\t\t\t<div class=\"elementor-divider\">\n\t\t\t<span class=\"elementor-divider-separator\">\n\t\t\t\t\t\t<\/span>\n\t\t<\/div>\n\t\t\t\t\t\t<\/div>\n\t\t\t\t<\/div>\n\t\t\t\t<div class=\"elementor-element elementor-element-cc93969 elementor-widget elementor-widget-heading\" data-id=\"cc93969\" data-element_type=\"widget\" data-settings=\"{&quot;htmega_fe&quot;:&quot;no&quot;}\" data-widget_type=\"heading.default\">\n\t\t\t\t<div class=\"elementor-widget-container\">\n\t\t\t\t\t<h2 class=\"elementor-heading-title elementor-size-default\">L'empreinte de votre regard<\/h2>\t\t\t\t<\/div>\n\t\t\t\t<\/div>\n\t\t\t\t\t<\/div>\n\t\t\t\t<\/div>\n\t\t<div class=\"elementor-element elementor-element-dada3fc e-flex e-con-boxed e-con e-parent\" data-id=\"dada3fc\" data-element_type=\"container\">\n\t\t\t\t\t<div class=\"e-con-inner\">\n\t\t<div class=\"elementor-element elementor-element-ddf485e e-con-full e-flex e-con e-child\" data-id=\"ddf485e\" data-element_type=\"container\">\n\t\t\t\t<div class=\"elementor-element elementor-element-73dcbe8 elementor-widget elementor-widget-heading\" data-id=\"73dcbe8\" data-element_type=\"widget\" data-settings=\"{&quot;htmega_fe&quot;:&quot;no&quot;}\" data-widget_type=\"heading.default\">\n\t\t\t\t<div class=\"elementor-widget-container\">\n\t\t\t\t\t<h3 class=\"elementor-heading-title elementor-size-default\">De l'union au cercle familial\n<\/h3>\t\t\t\t<\/div>\n\t\t\t\t<\/div>\n\t\t\t\t<div class=\"elementor-element elementor-element-c885400 elementor-widget elementor-widget-spacer\" data-id=\"c885400\" data-element_type=\"widget\" data-settings=\"{&quot;htmega_fe&quot;:&quot;no&quot;}\" data-widget_type=\"spacer.default\">\n\t\t\t\t<div class=\"elementor-widget-container\">\n\t\t\t\t\t\t\t<div class=\"elementor-spacer\">\n\t\t\t<div class=\"elementor-spacer-inner\"><\/div>\n\t\t<\/div>\n\t\t\t\t\t\t<\/div>\n\t\t\t\t<\/div>\n\t\t\t\t<div class=\"elementor-element elementor-element-50e70c2 elementor-widget elementor-widget-text-editor\" data-id=\"50e70c2\" data-element_type=\"widget\" data-settings=\"{&quot;htmega_fe&quot;:&quot;no&quot;}\" data-widget_type=\"text-editor.default\">\n\t\t\t\t<div class=\"elementor-widget-container\">\n\t\t\t\t\t\t\t\t\t<p data-path-to-node=\"6,0\"><i data-path-to-node=\"6,0\" data-index-in-node=\"0\">La photographie d&rsquo;iris permet de porter un autre regard sur ceux qui vous entourent.<br \/>Si elle symbolise souvent l\u2019union d&rsquo;un couple \u00e0 travers un duo, elle se pr\u00eate tout aussi bien \u00e0 la cr\u00e9ation d&rsquo;une fresque familiale.<\/i><\/p><p data-path-to-node=\"6,1\"><i data-path-to-node=\"6,1\" data-index-in-node=\"0\">Que ce soit pour marquer votre engagement ou pour int\u00e9grer le regard de vos enfants, chaque iris est captur\u00e9 individuellement puis assembl\u00e9 selon vos souhaits. Le r\u00e9sultat est une composition graphique et personnelle, pens\u00e9e pour s&rsquo;int\u00e9grer durablement dans votre int\u00e9rieur.<\/i><\/p><p data-path-to-node=\"6,2\"><i data-path-to-node=\"6,2\" data-index-in-node=\"0\">La prise de vue est rapide et adapt\u00e9e \u00e0 tous (\u00e0 partir de 5 ans), permettant de cr\u00e9er un souvenir commun \u00e0 l&rsquo;issue de votre mariage ou lors d&rsquo;une s\u00e9ance d\u00e9di\u00e9e.<\/i><\/p>\t\t\t\t\t\t\t\t<\/div>\n\t\t\t\t<\/div>\n\t\t\t\t<div class=\"elementor-element elementor-element-da49af4 elementor-widget elementor-widget-image\" data-id=\"da49af4\" data-element_type=\"widget\" data-settings=\"{&quot;htmega_fe&quot;:&quot;no&quot;}\" data-widget_type=\"image.default\">\n\t\t\t\t<div class=\"elementor-widget-container\">\n\t\t\t\t\t\t\t\t\t\t\t\t\t\t\t\t<a href=\"https:\/\/iris.mbphotographie.com\/\">\n\t\t\t\t\t\t\t<img fetchpriority=\"high\" decoding=\"async\" width=\"768\" height=\"273\" src=\"https:\/\/mbphotographie.com\/wp-content\/uploads\/2026\/04\/Logo-Irisistible-768x273.webp\" class=\"attachment-medium_large size-medium_large wp-image-5641\" alt=\"\" srcset=\"https:\/\/mbphotographie.com\/wp-content\/uploads\/2026\/04\/Logo-Irisistible-768x273.webp 768w, https:\/\/mbphotographie.com\/wp-content\/uploads\/2026\/04\/Logo-Irisistible-300x107.webp 300w, https:\/\/mbphotographie.com\/wp-content\/uploads\/2026\/04\/Logo-Irisistible.webp 1501w\" sizes=\"(max-width: 768px) 100vw, 768px\" \/>\t\t\t\t\t\t\t\t<\/a>\n\t\t\t\t\t\t\t\t\t\t\t\t\t\t\t<\/div>\n\t\t\t\t<\/div>\n\t\t\t\t<\/div>\n\t\t<div class=\"elementor-element elementor-element-52c0385 e-con-full e-flex e-con e-child\" data-id=\"52c0385\" data-element_type=\"container\">\n\t\t\t\t<div class=\"elementor-element elementor-element-9fadd7e elementor-widget elementor-widget-image\" data-id=\"9fadd7e\" data-element_type=\"widget\" data-settings=\"{&quot;htmega_fe&quot;:&quot;no&quot;}\" data-widget_type=\"image.default\">\n\t\t\t\t<div class=\"elementor-widget-container\">\n\t\t\t\t\t\t\t\t\t\t\t\t\t\t\t<img decoding=\"async\" width=\"1200\" height=\"1200\" src=\"https:\/\/mbphotographie.com\/wp-content\/uploads\/2026\/04\/TRIO-Eclats-1-1200x1200.webp\" class=\"attachment-large size-large wp-image-5514\" alt=\"\" srcset=\"https:\/\/mbphotographie.com\/wp-content\/uploads\/2026\/04\/TRIO-Eclats-1-1200x1200.webp 1200w, https:\/\/mbphotographie.com\/wp-content\/uploads\/2026\/04\/TRIO-Eclats-1-300x300.webp 300w, https:\/\/mbphotographie.com\/wp-content\/uploads\/2026\/04\/TRIO-Eclats-1-150x150.webp 150w, https:\/\/mbphotographie.com\/wp-content\/uploads\/2026\/04\/TRIO-Eclats-1-768x768.webp 768w, https:\/\/mbphotographie.com\/wp-content\/uploads\/2026\/04\/TRIO-Eclats-1-1536x1536.webp 1536w, https:\/\/mbphotographie.com\/wp-content\/uploads\/2026\/04\/TRIO-Eclats-1-2048x2048.webp 2048w, https:\/\/mbphotographie.com\/wp-content\/uploads\/2026\/04\/TRIO-Eclats-1-700x700.webp 700w\" sizes=\"(max-width: 1200px) 100vw, 1200px\" \/>\t\t\t\t\t\t\t\t\t\t\t\t\t\t\t<\/div>\n\t\t\t\t<\/div>\n\t\t\t\t<\/div>\n\t\t\t\t\t<\/div>\n\t\t\t\t<\/div>\n\t\t<div class=\"elementor-element elementor-element-36b7e40 e-flex e-con-boxed e-con e-parent\" data-id=\"36b7e40\" data-element_type=\"container\">\n\t\t\t\t\t<div class=\"e-con-inner\">\n\t\t\t\t<div class=\"elementor-element elementor-element-057a7d4 elementor-widget elementor-widget-text-editor\" data-id=\"057a7d4\" data-element_type=\"widget\" data-settings=\"{&quot;htmega_fe&quot;:&quot;no&quot;}\" data-widget_type=\"text-editor.default\">\n\t\t\t\t<div class=\"elementor-widget-container\">\n\t\t\t\t\t\t\t\t\t<p>Afin de bien dissocier mon travail de photographe de mariage de celui d\u00e9di\u00e9 aux photos d&rsquo;iris, j&rsquo;ai con\u00e7u <a href=\"https:\/\/iris.mbphotographie.com\/\"><strong>IRISISTIBLE<\/strong><\/a>, un espace enti\u00e8rement consacr\u00e9 \u00e0 cet univers. Vous y d\u00e9couvrirez ma d\u00e9marche technique compl\u00e8te et mes diff\u00e9rentes options d&rsquo;impression papier, tableaux acryliques ou colliers pendentifs.<\/p>\t\t\t\t\t\t\t\t<\/div>\n\t\t\t\t<\/div>\n\t\t\t\t<div class=\"elementor-element elementor-element-90508c1 elementor-align-center elementor-widget elementor-widget-button\" data-id=\"90508c1\" data-element_type=\"widget\" data-settings=\"{&quot;htmega_fe&quot;:&quot;no&quot;}\" data-widget_type=\"button.default\">\n\t\t\t\t<div class=\"elementor-widget-container\">\n\t\t\t\t\t\t\t\t\t<div class=\"elementor-button-wrapper\">\n\t\t\t\t\t<a class=\"elementor-button elementor-button-link elementor-size-sm\" href=\"https:\/\/iris.mbphotographie.com\/\">\n\t\t\t\t\t\t<span class=\"elementor-button-content-wrapper\">\n\t\t\t\t\t\t\t\t\t<span class=\"elementor-button-text\">D\u00e9couvrir l'univers Irisistible<\/span>\n\t\t\t\t\t<\/span>\n\t\t\t\t\t<\/a>\n\t\t\t\t<\/div>\n\t\t\t\t\t\t\t\t<\/div>\n\t\t\t\t<\/div>\n\t\t\t\t<div class=\"elementor-element elementor-element-8381d55 elementor-widget elementor-widget-spacer\" data-id=\"8381d55\" data-element_type=\"widget\" data-settings=\"{&quot;htmega_fe&quot;:&quot;no&quot;}\" data-widget_type=\"spacer.default\">\n\t\t\t\t<div class=\"elementor-widget-container\">\n\t\t\t\t\t\t\t<div class=\"elementor-spacer\">\n\t\t\t<div class=\"elementor-spacer-inner\"><\/div>\n\t\t<\/div>\n\t\t\t\t\t\t<\/div>\n\t\t\t\t<\/div>\n\t\t\t\t\t<\/div>\n\t\t\t\t<\/div>\n\t\t<div class=\"elementor-element elementor-element-0448f41 e-flex e-con-boxed e-con e-parent\" data-id=\"0448f41\" data-element_type=\"container\">\n\t\t\t\t\t<div class=\"e-con-inner\">\n\t\t\t\t<div class=\"elementor-element elementor-element-b7b3d7c elementor-widget elementor-widget-image\" data-id=\"b7b3d7c\" data-element_type=\"widget\" data-settings=\"{&quot;htmega_fe&quot;:&quot;no&quot;}\" data-widget_type=\"image.default\">\n\t\t\t\t<div class=\"elementor-widget-container\">\n\t\t\t\t\t\t\t\t\t\t\t\t\t\t\t<img decoding=\"async\" width=\"1420\" height=\"947\" src=\"https:\/\/mbphotographie.com\/wp-content\/uploads\/2026\/04\/Coup-de-foudre.webp\" class=\"attachment-full size-full wp-image-5624\" alt=\"\" srcset=\"https:\/\/mbphotographie.com\/wp-content\/uploads\/2026\/04\/Coup-de-foudre.webp 1420w, https:\/\/mbphotographie.com\/wp-content\/uploads\/2026\/04\/Coup-de-foudre-300x200.webp 300w, https:\/\/mbphotographie.com\/wp-content\/uploads\/2026\/04\/Coup-de-foudre-768x512.webp 768w\" sizes=\"(max-width: 1420px) 100vw, 1420px\" \/>\t\t\t\t\t\t\t\t\t\t\t\t\t\t\t<\/div>\n\t\t\t\t<\/div>\n\t\t\t\t<div class=\"elementor-element elementor-element-378bf1d elementor-widget elementor-widget-image\" data-id=\"378bf1d\" data-element_type=\"widget\" data-settings=\"{&quot;htmega_fe&quot;:&quot;no&quot;}\" data-widget_type=\"image.default\">\n\t\t\t\t<div class=\"elementor-widget-container\">\n\t\t\t\t\t\t\t\t\t\t\t\t\t\t\t<img loading=\"lazy\" decoding=\"async\" width=\"300\" height=\"84\" src=\"https:\/\/mbphotographie.com\/wp-content\/uploads\/2026\/04\/Logo-png-516px-300x84.webp\" class=\"attachment-medium size-medium wp-image-5647\" alt=\"\" srcset=\"https:\/\/mbphotographie.com\/wp-content\/uploads\/2026\/04\/Logo-png-516px-300x84.webp 300w, https:\/\/mbphotographie.com\/wp-content\/uploads\/2026\/04\/Logo-png-516px.webp 516w\" sizes=\"(max-width: 300px) 100vw, 300px\" \/>\t\t\t\t\t\t\t\t\t\t\t\t\t\t\t<\/div>\n\t\t\t\t<\/div>\n\t\t\t\t\t<\/div>\n\t\t\t\t<\/div>\n\t\t<div class=\"elementor-element elementor-element-035c2db e-flex e-con-boxed e-con e-parent\" data-id=\"035c2db\" data-element_type=\"container\">\n\t\t\t\t\t<div class=\"e-con-inner\">\n\t\t\t\t<div class=\"elementor-element elementor-element-02dc58f elementor-widget elementor-widget-spacer\" data-id=\"02dc58f\" data-element_type=\"widget\" data-settings=\"{&quot;htmega_fe&quot;:&quot;no&quot;}\" data-widget_type=\"spacer.default\">\n\t\t\t\t<div class=\"elementor-widget-container\">\n\t\t\t\t\t\t\t<div class=\"elementor-spacer\">\n\t\t\t<div class=\"elementor-spacer-inner\"><\/div>\n\t\t<\/div>\n\t\t\t\t\t\t<\/div>\n\t\t\t\t<\/div>\n\t\t\t\t\t<\/div>\n\t\t\t\t<\/div>\n\t\t\t\t<\/div>\n\t\t","protected":false},"excerpt":{"rendered":"<p>Photographie d&rsquo;iris L&#8217;empreinte de votre regard De l&rsquo;union au cercle familial La photographie d&rsquo;iris permet de porter un autre regard sur ceux qui vous entourent.Si elle symbolise souvent l\u2019union d&rsquo;un couple \u00e0 travers un duo, elle se pr\u00eate tout aussi bien \u00e0 la cr\u00e9ation d&rsquo;une fresque familiale. Que ce soit pour marquer votre engagement ou [&hellip;]<\/p>\n","protected":false},"author":1,"featured_media":0,"parent":0,"menu_order":0,"comment_status":"closed","ping_status":"closed","template":"","meta":{"footnotes":""},"class_list":["post-5462","page","type-page","status-publish","hentry"],"blocksy_meta":[],"aioseo_notices":[],"_hostinger_reach_plugin_has_subscription_block":false,"_hostinger_reach_plugin_is_elementor":false,"_links":{"self":[{"href":"https:\/\/mbphotographie.com\/index.php\/wp-json\/wp\/v2\/pages\/5462","targetHints":{"allow":["GET"]}}],"collection":[{"href":"https:\/\/mbphotographie.com\/index.php\/wp-json\/wp\/v2\/pages"}],"about":[{"href":"https:\/\/mbphotographie.com\/index.php\/wp-json\/wp\/v2\/types\/page"}],"author":[{"embeddable":true,"href":"https:\/\/mbphotographie.com\/index.php\/wp-json\/wp\/v2\/users\/1"}],"replies":[{"embeddable":true,"href":"https:\/\/mbphotographie.com\/index.php\/wp-json\/wp\/v2\/comments?post=5462"}],"version-history":[{"count":200,"href":"https:\/\/mbphotographie.com\/index.php\/wp-json\/wp\/v2\/pages\/5462\/revisions"}],"predecessor-version":[{"id":5702,"href":"https:\/\/mbphotographie.com\/index.php\/wp-json\/wp\/v2\/pages\/5462\/revisions\/5702"}],"wp:attachment":[{"href":"https:\/\/mbphotographie.com\/index.php\/wp-json\/wp\/v2\/media?parent=5462"}],"curies":[{"name":"wp","href":"https:\/\/api.w.org\/{rel}","templated":true}]}}